{"id":1347,"date":"2024-04-11T11:14:38","date_gmt":"2024-04-11T09:14:38","guid":{"rendered":"https:\/\/pictorplayer.pl\/?page_id=1347"},"modified":"2024-04-11T12:45:23","modified_gmt":"2024-04-11T10:45:23","slug":"publikacje","status":"publish","type":"page","link":"https:\/\/pictorplayer.pl\/index.php\/publikacje\/","title":{"rendered":"Publikacje"},"content":{"rendered":"\t\t<div data-elementor-type=\"wp-page\" data-elementor-id=\"1347\" class=\"elementor elementor-1347\" data-elementor-post-type=\"page\">\n\t\t\t\t<div class=\"elementor-element elementor-element-f0a4a82 e-flex e-con-boxed e-con e-parent\" data-id=\"f0a4a82\" data-element_type=\"container\" data-settings=\"{&quot;background_background&quot;:&quot;gradient&quot;}\">\n\t\t\t\t\t<div class=\"e-con-inner\">\n\t\t<div class=\"elementor-element elementor-element-f47452f e-con-full e-flex e-con e-child\" data-id=\"f47452f\" data-element_type=\"container\">\n\t\t\t\t<\/div>\n\t\t\t\t\t<\/div>\n\t\t\t\t<\/div>\n\t\t<div class=\"elementor-element elementor-element-4f4101d e-flex e-con-boxed e-con e-parent\" data-id=\"4f4101d\" data-element_type=\"container\">\n\t\t\t\t\t<div class=\"e-con-inner\">\n\t\t\t\t<div class=\"elementor-element elementor-element-7277ec4 elementor-widget elementor-widget-text-editor\" data-id=\"7277ec4\" data-element_type=\"widget\" data-widget_type=\"text-editor.default\">\n\t\t\t\t<div class=\"elementor-widget-container\">\n\t\t\t\t\t\t\t\t\t<p style=\"margin-right: 0px; margin-bottom: 20px; margin-left: 0px; color: rgb(114, 114, 114); font-size: 14px; outline: none !important;\">3.23.2.4 (<span style=\"font-family: var( --e-global-typography-text-font-family ), Sans-serif; font-style: var( --e-global-typography-text-font-style ); font-weight: var( --e-global-typography-text-font-weight ); letter-spacing: var( --e-global-typography-text-letter-spacing ); text-transform: var( --e-global-typography-text-text-transform ); text-align: var(--text-align); background-color: var( --e-global-color-c696dce );\">10.04.2024)<\/span><\/p>\n<ul style=\"margin-bottom: 10px; color: rgb(114, 114, 114); font-size: 14px; outline: none !important;\">\n<li style=\"outline: none !important;\"><span style=\"outline: none !important;\">Poprawa instalatora (biblioteki opcjonalne dla subskrypcji).<\/span><\/li>\n<li style=\"outline: none !important;\"><span style=\"outline: none !important;\">Ikonki nowych element\u00f3w na li\u015bcie tre\u015bci.<\/span><\/li>\n<li style=\"outline: none !important;\"><span style=\"outline: none !important;\">Oznaczenie graficzne rodzaj\u00f3w tre\u015bci dost\u0119pnych w aktywnej licencji.<\/span><\/li>\n<li style=\"outline: none !important;\"><span style=\"outline: none !important;\">Przerywanie tre\u015bci statycznych, je\u015bli sko\u0144czy\u0142a si\u0119 ich aktywno\u015b\u0107.<\/span><\/li>\n<li style=\"outline: none !important;\"><span style=\"outline: none !important;\">Poprawa importu listy odtwarzaczy.<\/span><\/li>\n<li style=\"outline: none !important;\"><span style=\"outline: none !important;\">Ukrycie konfiguracji czasu odtwarzania dla tre\u015bci wideo.<\/span><\/li>\n<\/ul>\n<div><font color=\"#727272\"><span style=\"font-size: 14px;\"><br><\/span><\/font><\/div>\n<p style=\"margin-right: 0px; margin-bottom: 20px; margin-left: 0px; color: #727272; font-size: 14px; outline: none !important;\">3.23 (23.02.2024)<\/p>\n<ul style=\"margin-bottom: 10px; color: #727272; font-size: 14px; outline: none !important;\">\n<li style=\"outline: none !important;\"><span style=\"outline: none !important;\">Opcja rejestracji u\u017cytkownika Pictor Manager i powi\u0105zanie przypisanych odtwarzaczy.<\/span><\/li>\n<li style=\"outline: none !important;\"><span style=\"outline: none !important;\">Nowy element odliczaj\u0105cy czas do podanej daty i\/lub godziny.<\/span><\/li>\n<li style=\"outline: none !important;\">Opcja rejestracji&nbsp;u\u017cytkownika Pictor Manager i powi\u0105zanie przypisanych odtwarzaczy.<\/li>\n<li style=\"outline: none !important;\">Nowy element odliczaj\u0105cy czas do podanej daty i\/lub godziny.<\/li>\n<li style=\"outline: none !important;\">Opcja wy\u015bwietlania elementu co okre\u015blony czas.<\/li>\n<li style=\"outline: none !important;\">Zapis nazwy grupy odtwarzacza w konfiguracji.<\/li>\n<li style=\"outline: none !important;\">Drobne poprawki.<\/li>\n<\/ul>\n<p style=\"margin-right: 0px; margin-bottom: 20px; margin-left: 0px; color: #727272; font-size: 14px; outline: none !important;\">3.22 (10.10.2023)<\/p>\n<ul style=\"margin-bottom: 10px; color: #727272; font-size: 14px; outline: none !important;\">\n<li style=\"outline: none !important;\">Pobieranie obraz\u00f3w z&nbsp;serwisu Pixabay.<\/li>\n<li style=\"outline: none !important;\">Muzyka w tle &#8211; osobny kafelek na li\u015bcie region\u00f3w.<\/li>\n<li style=\"outline: none !important;\">Wyszukiwarka radia internetowego.<\/li>\n<li style=\"outline: none !important;\">Analiza plik\u00f3w PLS i M3U ze stacjami radiowymi.<\/li>\n<li style=\"outline: none !important;\">Wi\u0119cej rodzaj\u00f3w plik\u00f3w audio.<\/li>\n<li style=\"outline: none !important;\">Jako\u015b\u0107 powietrza dla lokalizacji z ca\u0142ego \u015bwiata.<\/li>\n<li style=\"outline: none !important;\">Mowa &#8211; odczytywanie danych prognozy i jako\u015bci powietrza.<\/li>\n<li style=\"outline: none !important;\">Dodawanie wielu plik\u00f3w do playlisty jednocze\u015bnie przez okno eksploratora lub przeci\u0105ganie.<\/li>\n<li style=\"outline: none !important;\">Usuwanie wielu element\u00f3w playlisty jednocze\u015bnie.<\/li>\n<li style=\"outline: none !important;\">Menu kontekstowe playlisty z opcj\u0105 grupowego zarz\u0105dzania<\/li>\n<\/ul>\n<p style=\"margin-right: 0px; margin-bottom: 20px; margin-left: 0px; color: #727272; font-size: 14px; outline: none !important;\">3.21 (7.04.2023)<\/p>\n<ul style=\"margin-bottom: 10px; color: #727272; font-size: 14px; outline: none !important;\">\n<li style=\"outline: none !important;\">Pobieranie obraz\u00f3w z&nbsp;serwisu Pixabay.<\/li>\n<li style=\"outline: none !important;\">Muzyka w tle &#8211; osobny kafelek na li\u015bcie region\u00f3w.<\/li>\n<li style=\"outline: none !important;\">Wyszukiwarka radia internetowego.<\/li>\n<li style=\"outline: none !important;\">Analiza plik\u00f3w PLS i M3U ze stacjami radiowymi.<\/li>\n<li style=\"outline: none !important;\">Wi\u0119cej rodzaj\u00f3w plik\u00f3w audio.<\/li>\n<li style=\"outline: none !important;\">Jako\u015b\u0107 powietrza dla lokalizacji z ca\u0142ego \u015bwiata.<\/li>\n<li style=\"outline: none !important;\">Mowa &#8211; odczytywanie danych prognozy i jako\u015bci powietrza.<\/li>\n<li style=\"outline: none !important;\">Dodawanie wielu plik\u00f3w do playlisty jednocze\u015bnie przez okno eksploratora lub przeci\u0105ganie.<\/li>\n<li style=\"outline: none !important;\">Usuwanie wielu element\u00f3w playlisty jednocze\u015bnie.<\/li>\n<li style=\"outline: none !important;\">Menu kontekstowe playlisty z opcj\u0105 grupowego zarz\u0105dzania.<\/li>\n<\/ul>\n<p style=\"margin-right: 0px; margin-bottom: 20px; margin-left: 0px; color: #727272; font-size: 14px; outline: none !important;\">3.20 (6.02.2023)<\/p>\n<ul style=\"margin-bottom: 10px; color: #727272; font-size: 14px; outline: none !important;\">\n<li style=\"outline: none !important;\">Czytanie tre\u015bci powi\u0105zanych z danym elementem &#8211; u\u0142atwienie dla niepe\u0142nosprawnych.<\/li>\n<li style=\"outline: none !important;\">Animacja zdj\u0119\u0107 na ekranie w formie p\u0142ynnego przybli\u017cania i oddalania.<\/li>\n<li style=\"outline: none !important;\">Ograniczenie maksymalnego wsp\u00f3\u0142czynnika dopasowania obrazu w trybie wype\u0142nienia.<\/li>\n<li style=\"outline: none !important;\">Opcja automatycznego t\u0142a obrazu.<\/li>\n<li style=\"outline: none !important;\">Opcja dw\u00f3ch linii w tytu\u0142ach element\u00f3w playlist.<\/li>\n<li style=\"outline: none !important;\">Opcja umieszczenia tytu\u0142u na dole ekranu (lewa, prawa, \u015brodek).<\/li>\n<\/ul>\n<p style=\"margin-right: 0px; margin-bottom: 20px; margin-left: 0px; color: #727272; font-size: 14px; outline: none !important;\">3.19 (7.12.2022)<\/p>\n<ul style=\"margin-bottom: 10px; color: #727272; font-size: 14px; outline: none !important;\">\n<li style=\"outline: none !important;\">Opcja ograniczenia ilo\u015bci odtworze\u0144 elementu playlisty.<\/li>\n<li style=\"outline: none !important;\">Nowy slajd &#8211; data i godzina.<\/li>\n<li style=\"outline: none !important;\">Opcja wyr\u00f3wnywania napis\u00f3w w opisie og\u0142oszenia tekstowego.<\/li>\n<li style=\"outline: none !important;\">Import i eksport ustawie\u0144 wygl\u0105du elementu \/ regionu.<\/li>\n<li style=\"outline: none !important;\">Manager &#8211; sortowanie listy odtwarzaczy.<\/li>\n<li style=\"outline: none !important;\">Dodanie t\u0142a obrazu ze zdj\u0119ciem.<\/li>\n<li style=\"outline: none !important;\">Poprawa sprawdzania rozszerzenia pliku (wielko\u015b\u0107 liter).<\/li>\n<li style=\"outline: none !important;\">Wyb\u00f3r portu TCP po\u0142aczenia bezpo\u015bredniego.<\/li>\n<li style=\"outline: none !important;\">Raporty wy\u015bwietle\u0144 element\u00f3w playlisty w PDF.<\/li>\n<li style=\"outline: none !important;\">Opcja kadrowania obrazu kamer IP.<\/li>\n<li style=\"outline: none !important;\">Efekty obrazu kamer IP.<\/li>\n<li style=\"outline: none !important;\">Drobne korekty i poprawki funkcjonalne.<\/li>\n<\/ul>\n<p style=\"margin-right: 0px; margin-bottom: 20px; margin-left: 0px; color: #727272; font-size: 14px; outline: none !important;\">3.18 (11.08.2022)<\/p>\n<ul style=\"margin-bottom: 10px; color: #727272; font-size: 14px; outline: none !important;\">\n<li style=\"outline: none !important;\">Opcja wyboru monitora.<\/li>\n<li style=\"outline: none !important;\">Opcja nie ukrywania paska zada\u0144.<\/li>\n<li style=\"outline: none !important;\">Opcja zmiany pokazywanej tre\u015bci strza\u0142kami wstecz i do przodu (klawiatura podpi\u0119ta do Playera).<\/li>\n<li style=\"outline: none !important;\">Repozytorium plik\u00f3w i innych rodzaj\u00f3w tre\u015bci.&lt;br&gt;<\/li>\n<li style=\"outline: none !important;\">Obrazy t\u0142a prognoz pogody i jako\u015bci powietrza.&lt;br&gt;<\/li>\n<li style=\"outline: none !important;\">Poprawa niekt\u00f3rych uk\u0142ad\u00f3w ekranu.<\/li>\n<li style=\"outline: none !important;\">Obrazy t\u0142a prognoz pogody i jako\u015bci powietrza.<\/li>\n<li style=\"outline: none !important;\">Repozytorium plik\u00f3w i innych rodzaj\u00f3w tre\u015bci.<\/li>\n<li style=\"outline: none !important;\">Opcja zmiany j\u0119zyka.<\/li>\n<li style=\"outline: none !important;\">Poprawa wy\u015bwietlania dokument\u00f3w PDF.<\/li>\n<li style=\"outline: none !important;\">Potwierdzenie nowego has\u0142a u\u017cytkownika.<\/li>\n<li style=\"outline: none !important;\">Edycja wybranych element\u00f3w listy tre\u015bci bezpo\u015brednio na li\u015bcie (aktywno\u015b\u0107, nazwa w\u0142asna).<\/li>\n<li style=\"outline: none !important;\">Nowe pole dla tre\u015bci: Nazwa w\u0142asna.<\/li>\n<li style=\"outline: none !important;\">Opcja przeci\u0105gania pliku z exploratora Windows bezpo\u015brednio na list\u0119 tre\u015bci.<\/li>\n<li style=\"outline: none !important;\">Osobna konfiguracja prze\u017aroczysto\u015bci tytu\u0142\u00f3w i opis\u00f3w (og\u0142oszenia, zdj\u0119cia).<\/li>\n<li style=\"outline: none !important;\">Opcja wstawiania daty i godziny do pask\u00f3w informacyjnych.<\/li>\n<\/ul>\n<p style=\"margin-right: 0px; margin-bottom: 20px; margin-left: 0px; color: #727272; font-size: 14px; outline: none !important;\">3.17 (16.05.2022)<\/p>\n<ul style=\"margin-bottom: 10px; color: #727272; font-size: 14px; outline: none !important;\">\n<li style=\"outline: none !important;\">Znaczniki czcionki w harmonogramie: B, I, U, &#8230;<\/li>\n<li style=\"outline: none !important;\">Poprawa zapisu harmonogramu (automatyczne wyj\u015bcie z edytowanej kom\u00f3rki).<\/li>\n<li style=\"outline: none !important;\">Aktualizacja wy\u015bwietlania pojedynczego elementu w przypadku jego zmiany.<\/li>\n<li style=\"outline: none !important;\">Nowe rodzaje licencji.<\/li>\n<\/ul>\n<p style=\"margin-right: 0px; margin-bottom: 20px; margin-left: 0px; color: #727272; font-size: 14px; outline: none !important;\">3.16 (17.03.2022)<\/p>\n<ul style=\"margin-bottom: 10px; color: #727272; font-size: 14px; outline: none !important;\">\n<li style=\"outline: none !important;\">Poprawa kompatybilno\u015bci z odtwarzaczami w wersji poni\u017cej 3.15.<\/li>\n<li style=\"outline: none !important;\">Subskrypcje i podzia\u0142&nbsp;licencji na pakiety.<\/li>\n<li style=\"outline: none !important;\">Zmiany wizualne w Manager.<\/li>\n<\/ul>\n<p style=\"margin-right: 0px; margin-bottom: 20px; margin-left: 0px; color: #727272; font-size: 14px; outline: none !important;\">3.15 (18.12.2020)<\/p>\n<ul style=\"margin-bottom: 10px; color: #727272; font-size: 14px; outline: none !important;\">\n<li style=\"outline: none !important;\">Dodawanie znacznik\u00f3w czasu i daty do tytu\u0142u i tre\u015bci&nbsp;og\u0142osze\u0144&nbsp;tekstowych.<\/li>\n<li style=\"outline: none !important;\">Opcja ograniczenia wy\u015bwietlania elementu playlisty dla wybranych dni tygodnia i godzin.<\/li>\n<li style=\"outline: none !important;\">Zmiana kolorystyki programu Pictor Manager.<\/li>\n<li style=\"outline: none !important;\">Poprawa usuwania zarejestrowanego odtwarzacza z programu Pictor Manager.<\/li>\n<\/ul>\n<p style=\"margin-right: 0px; margin-bottom: 20px; margin-left: 0px; color: #727272; font-size: 14px; outline: none !important;\">3.14 (8.05.2020)<\/p>\n<ul style=\"margin-bottom: 10px; color: #727272; font-size: 14px; outline: none !important;\">\n<li style=\"outline: none !important;\">Zmiana domy\u015blnego wygl\u0105du \/ uk\u0142adu.<\/li>\n<li style=\"outline: none !important;\">Nadawanie w\u0142asnych nazw wygl\u0105d\u00f3w \/ uk\u0142ad\u00f3w.<\/li>\n<li style=\"outline: none !important;\">Opcja wyboru konfigurowanego&nbsp;wygl\u0105du przy playlistach.<\/li>\n<li style=\"outline: none !important;\">Pytanie o zapis zmian przed wyj\u015bciem z zak\u0142adki.<\/li>\n<li style=\"outline: none !important;\">Wyszarzanie wybranych przycisk\u00f3w zapisz je\u015bli nie by\u0142o zmian.<\/li>\n<li style=\"outline: none !important;\">Rozszerzenie mo\u017cliwo\u015bci konfiguracji kolor\u00f3w czcionek.<\/li>\n<li style=\"outline: none !important;\">Playlisty &#8211; opcja&nbsp;dodawania&nbsp;kolejnej playlisty (skr\u00f3t do w\u0142\u0105czenia aktywno\u015bci playlisty)<\/li>\n<li style=\"outline: none !important;\">Aktualizacja&nbsp;demonstracyjnych playlist.<\/li>\n<\/ul>\n<p style=\"margin-right: 0px; margin-bottom: 20px; margin-left: 0px; color: #727272; font-size: 14px; outline: none !important;\">3.13<\/p>\n<ul style=\"margin-bottom: 10px; color: #727272; font-size: 14px; outline: none !important;\">\n<li style=\"outline: none !important;\">Poprawa&nbsp;odtwarzania kamer IP (prze\u0142\u0105czanie region\u00f3w z kalendarza,&nbsp;wstrzymywanie&nbsp;strumienia).<\/li>\n<li style=\"outline: none !important;\">Restart odtwarzacza z poziomu Managera.<\/li>\n<li style=\"outline: none !important;\">Opcja&nbsp;sprawdzenia i&nbsp;pobrania&nbsp;aktualizacji z&nbsp;poziomu menu program\u00f3w.<\/li>\n<li style=\"outline: none !important;\">Kalendarz playlist &#8211; opcja odznaczenia aktywno\u015bci wpisu z poziomu listy oraz menu kontekstowe dla&nbsp;zaznaczenia wszystkich.<\/li>\n<li style=\"outline: none !important;\">Filmy i kamery &#8211; opcja regulacji poziomu g\u0142osu oraz ca\u0142kowite wyciszenie.<\/li>\n<li style=\"outline: none !important;\">Pasek z dat\u0105 i godzin\u0105 &#8211; poprawa zmiany pozycji godziny.<\/li>\n<li style=\"outline: none !important;\">Opcja ustawienia&nbsp;czcionek tytu\u0142\u00f3w i opis\u00f3w dla regionu i indywidualnie dla tre\u015bci.<\/li>\n<li style=\"outline: none !important;\">Og\u0142oszenia tekstowe &#8211;&nbsp;zmniejszenie margines\u00f3w.<\/li>\n<li style=\"outline: none !important;\">Opcja dodania wielu linii w tre\u015bci typu Tekst na dzie\u0144 roku.<\/li>\n<li style=\"outline: none !important;\">Manager &#8211; uproszczone dodawanie tre\u015bci.<\/li>\n<li style=\"outline: none !important;\">Opcja dodawania i usuwania&nbsp;tre\u015bci z wielu ekran\u00f3w jednocze\u015bnie.<\/li>\n<li style=\"outline: none !important;\">Log zdarze\u0144 &#8211;&nbsp;zapisywanie numeru regionu dla zdarze\u0144 i logowanie komunikacji kana\u0142\u00f3w rss.<\/li>\n<li style=\"outline: none !important;\">Manager &#8211; przeniesienie rejestracji nowego ekranu&nbsp;na list\u0119 ekran\u00f3w.<\/li>\n<li style=\"outline: none !important;\">Manager &#8211; zmiana wygl\u0105du.<\/li>\n<li style=\"outline: none !important;\">Player &#8211; poprawa stabilno\u015bci.<\/li>\n<li style=\"outline: none !important;\">Poprawa t\u0142umacze\u0144.<\/li>\n<\/ul>\n<p style=\"margin-right: 0px; margin-bottom: 20px; margin-left: 0px; color: #727272; font-size: 14px; outline: none !important;\">3.11<\/p>\n<ul style=\"margin-bottom: 10px; color: #727272; font-size: 14px; outline: none !important;\">\n<li style=\"outline: none !important;\">Samodzielna aktywacja licencji.<\/li>\n<li style=\"outline: none !important;\">Blokada dwukrotnego uruchomienia&nbsp;Pictor Player.<\/li>\n<li style=\"outline: none !important;\">Zmiana domy\u015blnego katalogu danych na CommonAppData.<\/li>\n<li style=\"outline: none !important;\">Numer wersji na ekranie&nbsp;uruchomienia.<\/li>\n<li style=\"outline: none !important;\">Poprawa wgrywania plik\u00f3w na FTP (odtwarzanie struktury katalog\u00f3w).<\/li>\n<\/ul>\n<p style=\"margin-right: 0px; margin-bottom: 20px; margin-left: 0px; color: #727272; font-size: 14px; outline: none !important;\">3.10<\/p>\n<ul style=\"margin-bottom: 10px; color: #727272; font-size: 14px; outline: none !important;\">\n<li style=\"outline: none !important;\">Prawa u\u017cytkownik\u00f3w do dodawania okre\u015blonych tre\u015bci.<\/li>\n<li style=\"outline: none !important;\">Podw\u00f3jny obraz &#8211; nowy rodzaj slajdu.<\/li>\n<li style=\"outline: none !important;\">Nowy uk\u0142ad region\u00f3w: 2 regiony po prawej.<\/li>\n<li style=\"outline: none !important;\">Nowy uk\u0142ad region\u00f3w:&nbsp;Wiele region\u00f3w + kreator rozmieszczenia.<\/li>\n<li style=\"outline: none !important;\">Zmiana wygl\u0105du wyboru region\u00f3w, playlisty i pask\u00f3w informacyjnych.<\/li>\n<li style=\"outline: none !important;\">Pictor Manager &#8211; przy\u015bpieszenie uruchamiania przy wielu ekranach.<\/li>\n<li style=\"outline: none !important;\">Drobne poprawki wizualne.<\/li>\n<li style=\"outline: none !important;\">Nazwy region\u00f3w.<\/li>\n<li style=\"outline: none !important;\">Widok szybkiego wyboru aktywnej playlisty.<\/li>\n<li style=\"outline: none !important;\">Paski&nbsp;informacyjne &#8211; wiele kana\u0142\u00f3w RSS.<\/li>\n<li style=\"outline: none !important;\">Poprawa&nbsp;powrotu do pe\u0142nej wielko\u015bci po od\u0142\u0105czeniu\/pod\u0142\u0105czeniu monitora.<\/li>\n<\/ul>\n<p style=\"margin-right: 0px; margin-bottom: 20px; margin-left: 0px; color: #727272; font-size: 14px; outline: none !important;\">3.9<\/p>\n<ul style=\"margin-bottom: 10px; color: #727272; font-size: 14px; outline: none !important;\">\n<li style=\"outline: none !important;\">Wy\u015bwietlanie dokument\u00f3w doc, docx.<\/li>\n<li style=\"outline: none !important;\">Zmiana wy\u015bwietlania dokument\u00f3w pdf.<\/li>\n<li style=\"outline: none !important;\">Opcja nie ukrywania&nbsp;kursowa myszki.<\/li>\n<li style=\"outline: none !important;\">Opcja pokazywania klawiatury ekranowej dla slajd\u00f3w html (wype\u0142nianie formularzy).<\/li>\n<li style=\"outline: none !important;\">Drobne poprawki wizualne.<\/li>\n<\/ul>\n<p style=\"margin-right: 0px; margin-bottom: 20px; margin-left: 0px; color: #727272; font-size: 14px; outline: none !important;\">3.8<\/p>\n<ul style=\"margin-bottom: 10px; color: #727272; font-size: 14px; outline: none !important;\">\n<li style=\"outline: none !important;\">Odtwarzanie plik\u00f3w muzycznych mp3.<\/li>\n<li style=\"outline: none !important;\">Protok\u00f3\u0142 Art-Net: zmiana&nbsp;wy\u015bwietlanych tre\u015bci przez zmian\u0119 warto\u015bci kana\u0142\u00f3w.<\/li>\n<li style=\"outline: none !important;\">Skr\u00f3ty klawiaturowe do wy\u015bwietlania wybranych tre\u015bci.<\/li>\n<li style=\"outline: none !important;\">Wideo w jako\u015bci 4K.<\/li>\n<li style=\"outline: none !important;\">Poprawa przycisk\u00f3w menu interaktywnego.<\/li>\n<\/ul>\t\t\t\t\t\t\t\t<\/div>\n\t\t\t\t<\/div>\n\t\t\t\t\t<\/div>\n\t\t\t\t<\/div>\n\t\t\t\t<\/div>\n\t\t","protected":false},"excerpt":{"rendered":"<p>Publikacje aplikacji 3.23.2.4 (10.04.2024) Poprawa instalatora (biblioteki opcjonalne dla subskrypcji). Ikonki nowych element\u00f3w na li\u015bcie tre\u015bci. Oznaczenie graficzne rodzaj\u00f3w tre\u015bci dost\u0119pnych w aktywnej licencji. Przerywanie tre\u015bci statycznych, je\u015bli sko\u0144czy\u0142a si\u0119 &#8230;<\/p>\n","protected":false},"author":1,"featured_media":0,"parent":0,"menu_order":0,"comment_status":"closed","ping_status":"closed","template":"elementor_header_footer","meta":{"_acf_changed":false,"om_disable_all_campaigns":false,"_monsterinsights_skip_tracking":false,"_monsterinsights_sitenote_active":false,"_monsterinsights_sitenote_note":"","_monsterinsights_sitenote_category":0,"_uf_show_specific_survey":0,"_uf_disable_surveys":false,"footnotes":""},"class_list":["post-1347","page","type-page","status-publish","hentry"],"acf":[],"aioseo_notices":[],"_links":{"self":[{"href":"https:\/\/pictorplayer.pl\/index.php\/wp-json\/wp\/v2\/pages\/1347","targetHints":{"allow":["GET"]}}],"collection":[{"href":"https:\/\/pictorplayer.pl\/index.php\/wp-json\/wp\/v2\/pages"}],"about":[{"href":"https:\/\/pictorplayer.pl\/index.php\/wp-json\/wp\/v2\/types\/page"}],"author":[{"embeddable":true,"href":"https:\/\/pictorplayer.pl\/index.php\/wp-json\/wp\/v2\/users\/1"}],"replies":[{"embeddable":true,"href":"https:\/\/pictorplayer.pl\/index.php\/wp-json\/wp\/v2\/comments?post=1347"}],"version-history":[{"count":25,"href":"https:\/\/pictorplayer.pl\/index.php\/wp-json\/wp\/v2\/pages\/1347\/revisions"}],"predecessor-version":[{"id":1409,"href":"https:\/\/pictorplayer.pl\/index.php\/wp-json\/wp\/v2\/pages\/1347\/revisions\/1409"}],"wp:attachment":[{"href":"https:\/\/pictorplayer.pl\/index.php\/wp-json\/wp\/v2\/media?parent=1347"}],"curies":[{"name":"wp","href":"https:\/\/api.w.org\/{rel}","templated":true}]}}